{"id":34689,"date":"2024-01-18T23:04:38","date_gmt":"2024-01-18T23:04:38","guid":{"rendered":"https:\/\/www.out.miami\/boutique\/mojitos-not-mosquitos-mens-miami-pixel-t-shirt\/"},"modified":"2024-05-25T18:36:15","modified_gmt":"2024-05-25T18:36:15","slug":"mojitos-not-mosquitos-mens-miami-pixel-t-shirt","status":"publish","type":"product","link":"https:\/\/www.out.miami\/es\/tienda\/mojitos-not-mosquitos-mens-miami-pixel-t-shirt\/","title":{"rendered":"Mojitos, no mosquitos \/ Camiseta Miami Pixel para hombre"},"content":{"rendered":"<p>? Sum\u00e9rgete en la escena de Miami con nuestras \"Miami Bites &amp; Sights Tees\". Es tu prenda favorita, c\u00f3moda como un d\u00eda soleado en South Beach. Confeccionada con algod\u00f3n ultrasuave, es la camiseta que te encantar\u00e1 una y otra vez.<br \/>\n? Confeccionada en algod\u00f3n 100% Airlume peinado e hilado en anillos, esta ligera camiseta (142 g\/m\u00b2) es perfecta para el estilo de vida activo y relajado de Miami.<br \/>\n? Su corte elegante es ideal para los d\u00edas informales y las noches vibrantes de Miami. El escote redondo a\u00f1ade un toque de estilo cl\u00e1sico y desenfadado, como la propia ciudad.<br \/>\n? Producidas \u00e9ticamente en EE.UU., nuestras camisetas reflejan el inter\u00e9s de Miami por la moda sostenible. Di adi\u00f3s a la incomodidad con nuestra etiqueta tear-away.<br \/>\n? Disponible en los tonos de moda de Miami, como Ash, Heather Prism y Athletic Heather. No es s\u00f3lo una camiseta, \u00a1es un pedazo de Miami!<\/p>\n<p>S<br \/>\nM<br \/>\nL<br \/>\nXL<br \/>\n2XL<br \/>\n3XL<\/p>\n<p>Anchura, pulg.<br \/>\n17.99<br \/>\n20.00<br \/>\n22.01<br \/>\n24.02<br \/>\n25.98<br \/>\n27.99<\/p>\n<p>Longitud, pulg.<br \/>\n27.99<br \/>\n29.02<br \/>\n30.00<br \/>\n31.02<br \/>\n32.01<br \/>\n32.99<\/p>\n<p>Longitud de las mangas, en<br \/>\n8.90<br \/>\n9.17<br \/>\n9.45<br \/>\n9.72<br \/>\n10.00<br \/>\n10.39<\/p>","protected":false},"excerpt":{"rendered":"<p>? Sum\u00e9rgete en la escena de Miami con nuestras \"Miami Bites &amp; Sights Tees\". Es tu prenda favorita, c\u00f3moda como un d\u00eda soleado en South Beach. Confeccionada con algod\u00f3n ultrasuave, es la camiseta que te encantar\u00e1 una y otra vez. ? Confeccionada con algod\u00f3n 100% Airlume peinado e hilado en anillos, esta ligera camiseta (4,2 oz\/yd\u00b2 o 142 g\/m\u00b2) es perfecta [...]<\/p>","protected":false},"featured_media":34780,"comment_status":"open","ping_status":"closed","template":"","meta":{"inline_featured_image":false,"cybocfi_hide_featured_image":""},"product_brand":[],"product_cat":[15],"product_tag":[477],"class_list":{"0":"post-34689","1":"product","2":"type-product","3":"status-publish","4":"has-post-thumbnail","6":"product_cat-uncategorized","7":"product_tag-men-shirts","9":"first","10":"instock","11":"shipping-taxable","12":"purchasable","13":"product-type-variable","14":"has-default-attributes"},"_links":{"self":[{"href":"https:\/\/www.out.miami\/es\/wp-json\/wp\/v2\/product\/34689","targetHints":{"allow":["GET"]}}],"collection":[{"href":"https:\/\/www.out.miami\/es\/wp-json\/wp\/v2\/product"}],"about":[{"href":"https:\/\/www.out.miami\/es\/wp-json\/wp\/v2\/types\/product"}],"replies":[{"embeddable":true,"href":"https:\/\/www.out.miami\/es\/wp-json\/wp\/v2\/comments?post=34689"}],"wp:featuredmedia":[{"embeddable":true,"href":"https:\/\/www.out.miami\/es\/wp-json\/wp\/v2\/media\/34780"}],"wp:attachment":[{"href":"https:\/\/www.out.miami\/es\/wp-json\/wp\/v2\/media?parent=34689"}],"wp:term":[{"taxonomy":"product_brand","embeddable":true,"href":"https:\/\/www.out.miami\/es\/wp-json\/wp\/v2\/product_brand?post=34689"},{"taxonomy":"product_cat","embeddable":true,"href":"https:\/\/www.out.miami\/es\/wp-json\/wp\/v2\/product_cat?post=34689"},{"taxonomy":"product_tag","embeddable":true,"href":"https:\/\/www.out.miami\/es\/wp-json\/wp\/v2\/product_tag?post=34689"}],"curies":[{"name":"wp","href":"https:\/\/api.w.org\/{rel}","templated":true}]}}