{"id":31540,"date":"2024-01-18T20:36:49","date_gmt":"2024-01-18T20:36:49","guid":{"rendered":"https:\/\/www.out.miami\/boutique\/miami-edition-womens-miami-pixel-t-shirt\/"},"modified":"2024-05-25T18:48:29","modified_gmt":"2024-05-25T18:48:29","slug":"miami-edition-camiseta-de-mujer-miami-pixel","status":"publish","type":"product","link":"https:\/\/www.out.miami\/es\/tienda\/miami-edition-camiseta-de-mujer-miami-pixel\/","title":{"rendered":"Edici\u00f3n Miami \/ Camiseta de mujer Miami Pixel"},"content":{"rendered":"<p>? Te presentamos la \u00faltima tendencia en la escena de la moda de Miami: nuestra camiseta \"Miami Bites &amp; Sights Cropped T-Shirt\" para mujer. Esta camiseta de algod\u00f3n 100% es la fusi\u00f3n perfecta del ambiente relajado y el estilo de la ciudad. Adornada con un distintivo parche con el logotipo en el pu\u00f1o izquierdo, es una prenda sutil pero atrevida.<br \/>\n? Confeccionada con un tejido de peso medio (7,0 oz \/yd\u00b2 o 240 g\/m\u00b2), esta camiseta es ideal para tomar el sol en South Beach o disfrutar de una c\u00e1lida tarde en Wynwood. Su moderno corte recortado est\u00e1 dise\u00f1ado para favorecer y fluir con el animado ritmo de vida de Miami.<br \/>\nLas duraderas costuras de doble aguja garantizan que esta camisa pueda seguir el ritmo del din\u00e1mico estilo de vida de Miami, desde las fiestas en la playa hasta las reuniones en la azotea.<br \/>\n? Con una etiqueta cosida sin costuras para mayor comodidad, el distintivo logotipo en la manga izquierda a\u00f1ade un toque de elegancia de Miami a tu look.<br \/>\nSal a la calle con estilo con la \"Miami Breeze Cropped Tee\" y encarna la vibrante energ\u00eda de Miami. ?<\/p>\n<p>XS<br \/>\nS<br \/>\nM<br \/>\nL<br \/>\nXL<br \/>\n2XL<\/p>\n<p>Longitud, pulg.<br \/>\n18.50<br \/>\n19.25<br \/>\n20.00<br \/>\n20.75<br \/>\n21.50<br \/>\n22.25<\/p>\n<p>Anchura, pulg.<br \/>\n19.00<br \/>\n20.00<br \/>\n21.00<br \/>\n22.50<br \/>\n24.25<br \/>\n25.12<\/p>","protected":false},"excerpt":{"rendered":"<p>? Te presentamos la \u00faltima tendencia en la escena de la moda de Miami: nuestra camiseta \"Miami Bites &amp; Sights Cropped T-Shirt\" para mujer. Esta camiseta de algod\u00f3n 100% es la fusi\u00f3n perfecta del ambiente relajado y el estilo de la ciudad. Adornada con un distintivo parche con el logotipo en el pu\u00f1o izquierdo, es una prenda sutil pero atrevida. ? Confeccionada con [...]<\/p>","protected":false},"featured_media":31554,"comment_status":"open","ping_status":"closed","template":"","meta":{"inline_featured_image":false,"cybocfi_hide_featured_image":""},"product_brand":[],"product_cat":[15],"product_tag":[480],"class_list":{"0":"post-31540","1":"product","2":"type-product","3":"status-publish","4":"has-post-thumbnail","6":"product_cat-uncategorized","7":"product_tag-women-shirts","9":"first","10":"instock","11":"shipping-taxable","12":"purchasable","13":"product-type-variable","14":"has-default-attributes"},"_links":{"self":[{"href":"https:\/\/www.out.miami\/es\/wp-json\/wp\/v2\/product\/31540","targetHints":{"allow":["GET"]}}],"collection":[{"href":"https:\/\/www.out.miami\/es\/wp-json\/wp\/v2\/product"}],"about":[{"href":"https:\/\/www.out.miami\/es\/wp-json\/wp\/v2\/types\/product"}],"replies":[{"embeddable":true,"href":"https:\/\/www.out.miami\/es\/wp-json\/wp\/v2\/comments?post=31540"}],"wp:featuredmedia":[{"embeddable":true,"href":"https:\/\/www.out.miami\/es\/wp-json\/wp\/v2\/media\/31554"}],"wp:attachment":[{"href":"https:\/\/www.out.miami\/es\/wp-json\/wp\/v2\/media?parent=31540"}],"wp:term":[{"taxonomy":"product_brand","embeddable":true,"href":"https:\/\/www.out.miami\/es\/wp-json\/wp\/v2\/product_brand?post=31540"},{"taxonomy":"product_cat","embeddable":true,"href":"https:\/\/www.out.miami\/es\/wp-json\/wp\/v2\/product_cat?post=31540"},{"taxonomy":"product_tag","embeddable":true,"href":"https:\/\/www.out.miami\/es\/wp-json\/wp\/v2\/product_tag?post=31540"}],"curies":[{"name":"wp","href":"https:\/\/api.w.org\/{rel}","templated":true}]}}