{"id":30414,"date":"2024-01-10T23:08:15","date_gmt":"2024-01-10T23:08:15","guid":{"rendered":"https:\/\/www.out.miami\/boutique\/pixel-sport-games-mens-miami-pixel-hat\/"},"modified":"2024-01-15T19:30:36","modified_gmt":"2024-01-15T19:30:36","slug":"gorra-pixel-sport-games-mens-miami-pixel","status":"publish","type":"product","link":"https:\/\/www.out.miami\/es\/tienda\/gorra-pixel-sport-games-mens-miami-pixel\/","title":{"rendered":"Juegos de deportes Pixel \/ Gorra Pixel Miami para hombre"},"content":{"rendered":"<p style=\"border: 0px solid #d9d9e3;--tw-border-spacing-x: 0;--tw-border-spacing-y: 0;--tw-translate-x: 0;--tw-translate-y: 0;--tw-rotate: 0;--tw-skew-x: 0;--tw-skew-y: 0;--tw-scale-x: 1;--tw-scale-y: 1;--tw-scroll-snap-strictness: proximity;--tw-ring-offset-width: 0px;--tw-ring-offset-color: #fff;--tw-ring-offset-shadow: 0 0 transparent;--tw-ring-shadow: 0 0 transparent;--tw-shadow: 0 0 transparent;--tw-shadow-colored: 0 0 transparent;margin: 0px 0px 1.25em;color: #374151;hne, ui-sans-serif, system-ui, -apple-system, 'Segoe UI', Roboto, Ubuntu, Cantarell, 'Noto Sans', sans-serif, 'Helvetica Neue', Arial, 'Apple Color Emoji', 'Segoe UI Emoji', 'Segoe UI Symbol', 'Noto Color Emoji';font-size: 16px\">?? Tanto si quieres evitar un mal d\u00eda capilar como si quieres a\u00f1adir un toque de Miami, nuestra gorra de rejilla personalizada es lo que necesitas. Vers\u00e1til y elegante, es imprescindible para cualquier salida bajo el sol de Miami. Disponible en cuatro vibrantes colores para combinar con tu ambiente de Miami, cada gorra est\u00e1 fabricada en poli\u00e9ster suave y duradero, perfecto para esos d\u00edas de playa o paseos por la ciudad.<\/p>\n<p style=\"border: 0px solid #d9d9e3;--tw-border-spacing-x: 0;--tw-border-spacing-y: 0;--tw-translate-x: 0;--tw-translate-y: 0;--tw-rotate: 0;--tw-skew-x: 0;--tw-skew-y: 0;--tw-scale-x: 1;--tw-scale-y: 1;--tw-scroll-snap-strictness: proximity;--tw-ring-offset-width: 0px;--tw-ring-offset-color: #fff;--tw-ring-offset-shadow: 0 0 transparent;--tw-ring-shadow: 0 0 transparent;--tw-shadow: 0 0 transparent;--tw-shadow-colored: 0 0 transparent;margin: 1.25em 0px;color: #374151;hne, ui-sans-serif, system-ui, -apple-system, 'Segoe UI', Roboto, Ubuntu, Cantarell, 'Noto Sans', sans-serif, 'Helvetica Neue', Arial, 'Apple Color Emoji', 'Segoe UI Emoji', 'Segoe UI Symbol', 'Noto Color Emoji';font-size: 16px\">? Material: Poli\u00e9ster 100% - tan fresco como un d\u00eda de playa en Miami. <br \/>? Talla \u00fanica: como Miami, es para todos. <br \/>? Cuatro combinaciones de colores: elige la que m\u00e1s te guste. <br \/>? Cierre a presi\u00f3n de pl\u00e1stico ajustable: consigue el ajuste perfecto para tus aventuras en la Ciudad M\u00e1gica.<\/p>\n<table id=\"size-guide\" style=\"min-width: 360px\">\n<thead>\n<tr>\n<th style=\"padding: 10px\">&nbsp;<\/th>\n<th style=\"color: #000000;font-weight: 500;text-align: left;font-size: 15px;padding: 10px\">Talla \u00fanica<\/th>\n<\/tr>\n<\/thead>\n<tbody>\n<tr>\n<td style=\"padding: 10px;color: #525252;font-size: 15px;border-top: 1px solid #ededed\">Circunferencia, en<\/td>\n<td style=\"padding: 10px;color: #525252;font-size: 15px;border-top: 1px solid #ededed\">22.83 &#8211; 25.20<\/td>\n<\/tr>\n<tr>\n<td style=\"padding: 10px;color: #525252;font-size: 15px;border-top: 1px solid #ededed\">Altura de la corona, en<\/td>\n<td style=\"padding: 10px;color: #525252;font-size: 15px;border-top: 1px solid #ededed\">7.09<\/td>\n<\/tr>\n<tr>\n<td style=\"padding: 10px;color: #525252;font-size: 15px;border-top: 1px solid #ededed\">Longitud de la factura, en<\/td>\n<td style=\"padding: 10px;color: #525252;font-size: 15px;border-top: 1px solid #ededed\">2.64<\/td>\n<\/tr>\n<\/tbody>\n<\/table>","protected":false},"excerpt":{"rendered":"<p>?? Tanto si quieres evitar un mal d\u00eda con el pelo como si quieres darle un toque de Miami, nuestra gorra de rejilla personalizada es lo que necesitas. Vers\u00e1til y elegante, es imprescindible para cualquier salida bajo el sol de Miami. Disponible en cuatro colores vibrantes para que coincida con su ambiente de Miami, cada sombrero est\u00e1 hecho de poli\u00e9ster suave pero duradero, perfecto para [...]<\/p>","protected":false},"featured_media":30418,"comment_status":"open","ping_status":"closed","template":"","meta":{"inline_featured_image":false,"cybocfi_hide_featured_image":""},"product_brand":[],"product_cat":[15],"product_tag":[475,482],"class_list":{"0":"post-30414","1":"product","2":"type-product","3":"status-publish","4":"has-post-thumbnail","6":"product_cat-uncategorized","7":"product_tag-men-clothing","8":"product_tag-men-hats","10":"first","11":"instock","12":"shipping-taxable","13":"purchasable","14":"product-type-variable","15":"has-default-attributes"},"_links":{"self":[{"href":"https:\/\/www.out.miami\/es\/wp-json\/wp\/v2\/product\/30414","targetHints":{"allow":["GET"]}}],"collection":[{"href":"https:\/\/www.out.miami\/es\/wp-json\/wp\/v2\/product"}],"about":[{"href":"https:\/\/www.out.miami\/es\/wp-json\/wp\/v2\/types\/product"}],"replies":[{"embeddable":true,"href":"https:\/\/www.out.miami\/es\/wp-json\/wp\/v2\/comments?post=30414"}],"wp:featuredmedia":[{"embeddable":true,"href":"https:\/\/www.out.miami\/es\/wp-json\/wp\/v2\/media\/30418"}],"wp:attachment":[{"href":"https:\/\/www.out.miami\/es\/wp-json\/wp\/v2\/media?parent=30414"}],"wp:term":[{"taxonomy":"product_brand","embeddable":true,"href":"https:\/\/www.out.miami\/es\/wp-json\/wp\/v2\/product_brand?post=30414"},{"taxonomy":"product_cat","embeddable":true,"href":"https:\/\/www.out.miami\/es\/wp-json\/wp\/v2\/product_cat?post=30414"},{"taxonomy":"product_tag","embeddable":true,"href":"https:\/\/www.out.miami\/es\/wp-json\/wp\/v2\/product_tag?post=30414"}],"curies":[{"name":"wp","href":"https:\/\/api.w.org\/{rel}","templated":true}]}}