{"id":38356,"date":"2024-06-03T18:54:29","date_gmt":"2024-06-03T18:54:29","guid":{"rendered":"https:\/\/www.out.miami\/?page_id=38356"},"modified":"2025-09-18T00:40:57","modified_gmt":"2025-09-18T00:40:57","slug":"empresas","status":"publish","type":"page","link":"https:\/\/www.out.miami\/es\/empresas\/","title":{"rendered":"Para empresas \ud83d\udcbc As\u00f3ciate con Out.Miami"},"content":{"rendered":"<div data-elementor-type=\"wp-page\" data-elementor-id=\"38356\" class=\"elementor elementor-38356\" data-elementor-post-type=\"page\">\n\t\t\t\t\t\t<section class=\"elementor-section elementor-top-section elementor-element elementor-element-4c987384 qodef-elementor-content-grid elementor-section-full_width qodef-custom-bg-animation elementor-section-stretched elementor-section-height-default elementor-section-height-default\" data-id=\"4c987384\" data-element_type=\"section\" data-e-type=\"section\" data-settings=\"{&quot;background_background&quot;:&quot;classic&quot;,&quot;stretch_section&quot;:&quot;section-stretched&quot;}\">\n\t\t\t\t\t\t<div class=\"elementor-container elementor-column-gap-default\">\n\t\t\t\t\t<div class=\"elementor-column elementor-col-100 elementor-top-column elementor-element elementor-element-4967ca23\" data-id=\"4967ca23\" data-element_type=\"column\" data-e-type=\"column\" data-settings=\"{&quot;background_background&quot;:&quot;classic&quot;}\">\n\t\t\t<div class=\"elementor-widget-wrap elementor-element-populated\">\n\t\t\t\t\t\t<div class=\"elementor-element elementor-element-7d73d14c elementor-widget elementor-widget-spacer\" data-id=\"7d73d14c\" data-element_type=\"widget\" data-e-type=\"widget\" data-widget_type=\"spacer.default\">\n\t\t\t\t<div class=\"elementor-widget-container\">\n\t\t\t\t\t\t\t<div class=\"elementor-spacer\">\n\t\t\t<div class=\"elementor-spacer-inner\"><\/div>\n\t\t<\/div>\n\t\t\t\t\t\t<\/div>\n\t\t\t\t<\/div>\n\t\t\t\t<div class=\"elementor-element elementor-element-083685c elementor-widget__width-initial elementor-widget elementor-widget-eldon_core_custom_font\" data-id=\"083685c\" data-element_type=\"widget\" data-e-type=\"widget\" data-widget_type=\"eldon_core_custom_font.default\">\n\t\t\t\t<div class=\"elementor-widget-container\">\n\t\t\t\t\t<div class=\"qodef-shortcode qodef-m  qodef-custom-font qodef-custom-font-331 qodef-layout--simple qodef-alignment--left qodef--has-appear\" >\n\t\t<h1 class=\"qodef-custom-font-content\" style=\"font-size: 80px;line-height: 85px\"><span class=\"qodef-animated-text-holder\"><span class=\"qodef-animated-text-original\">\ud83d\udce2\ud83d\ude80<\/span><span class=\"qodef-animated-text-duplicate\">\ud83d\udce2\ud83d\ude80<\/span><\/span> <span class=\"qodef-animated-text-holder\"><span class=\"qodef-animated-text-original\">NEGOCIOS<\/span><span class=\"qodef-animated-text-duplicate\">NEGOCIOS<\/span><\/span> <span class=\"qodef-m-emphasized-holder\"><span class=\"qodef-m-title--emphasized\">SE BUSCA:<\/span><\/span> <span class=\"qodef-animated-text-holder\"><span class=\"qodef-animated-text-original\">Escaparate<\/span><span class=\"qodef-animated-text-duplicate\">Escaparate<\/span><\/span> <span class=\"qodef-animated-text-holder\"><span class=\"qodef-animated-text-original\">Su<\/span><span class=\"qodef-animated-text-duplicate\">Su<\/span><\/span> <span class=\"qodef-m-emphasized-holder\"><span class=\"qodef-m-title--emphasized\">Productos<\/span><\/span> <span class=\"qodef-animated-text-holder\"><span class=\"qodef-animated-text-original\">y<\/span><span class=\"qodef-animated-text-duplicate\">y<\/span><\/span> <span class=\"qodef-animated-text-holder\"><span class=\"qodef-animated-text-original\">Servicios<\/span><span class=\"qodef-animated-text-duplicate\">Servicios<\/span><\/span> <span class=\"qodef-m-emphasized-holder\"><span class=\"qodef-m-title--emphasized\">con<\/span><\/span> <span class=\"qodef-animated-text-holder\"><span class=\"qodef-animated-text-original\">\u00a1Nosotros!<\/span><span class=\"qodef-animated-text-duplicate\">\u00a1Nosotros!<\/span><\/span> <span class=\"qodef-animated-text-holder\"><span class=\"qodef-animated-text-original\">\ud83c\udfa5\ud83c\udf1f<\/span><span class=\"qodef-animated-text-duplicate\">\ud83c\udfa5\ud83c\udf1f<\/span><\/span><\/h1>\n<\/div>\t\t\t\t<\/div>\n\t\t\t\t<\/div>\n\t\t\t\t<div class=\"elementor-element elementor-element-1928ecd elementor-widget elementor-widget-spacer\" data-id=\"1928ecd\" data-element_type=\"widget\" data-e-type=\"widget\" data-widget_type=\"spacer.default\">\n\t\t\t\t<div class=\"elementor-widget-container\">\n\t\t\t\t\t\t\t<div class=\"elementor-spacer\">\n\t\t\t<div class=\"elementor-spacer-inner\"><\/div>\n\t\t<\/div>\n\t\t\t\t\t\t<\/div>\n\t\t\t\t<\/div>\n\t\t\t\t<div class=\"elementor-element elementor-element-77a9dbf elementor-widget__width-initial elementor-widget elementor-widget-text-editor\" data-id=\"77a9dbf\" data-element_type=\"widget\" data-e-type=\"widget\" data-widget_type=\"text-editor.default\">\n\t\t\t\t<div class=\"elementor-widget-container\">\n\t\t\t\t\t\t\t\t\t<p>Nuestras sabrosas opiniones y fascinantes rese\u00f1as en v\u00eddeo merecen ser el centro de atenci\u00f3n. Comparta sus experiencias gastron\u00f3micas con nuestro vasto p\u00fablico mientras mostramos con orgullo su contenido en nuestro sitio web. Sum\u00e9rgete y deja que tus relatos basados en el sabor resuenen entre los amantes de la comida.<\/p><p>\ud83d\udc8c\u2728 <strong>\u00a1\u00danete a nuestro escenario culinario y brilla!<\/strong> \u2728\ud83d\udc8c<\/p><ol><li>\ud83d\udcdd <strong>Formulario de contacto<\/strong>: Pres\u00e9ntate a trav\u00e9s de nuestro formulario de contacto oficial. No olvides incluir el nombre de tu cuenta en las redes sociales.<\/li><\/ol><p>\ud83c\udf1f \u00a1Tu influencia en el mundo foodie espera reconocimiento! Sum\u00e9rgete y muestra tu negocio a nuestra amplia y apasionada audiencia. \u00a1Agitemos juntos la escena culinaria! \ud83c\udf7d\ufe0f\ud83d\udd25\ud83c\udf0a<\/p>\t\t\t\t\t\t\t\t<\/div>\n\t\t\t\t<\/div>\n\t\t\t\t\t<\/div>\n\t\t<\/div>\n\t\t\t\t\t<\/div>\n\t\t<\/section>\n\t\t\t\t<section class=\"elementor-section elementor-top-section elementor-element elementor-element-3618053e elementor-section-full_width qodef-elementor-content-grid elementor-section-height-default elementor-section-height-default\" data-id=\"3618053e\" data-element_type=\"section\" data-e-type=\"section\">\n\t\t\t\t\t\t<div class=\"elementor-container elementor-column-gap-default\">\n\t\t\t\t\t<div class=\"elementor-column elementor-col-50 elementor-top-column elementor-element elementor-element-3d508dea\" data-id=\"3d508dea\" data-element_type=\"column\" data-e-type=\"column\">\n\t\t\t<div class=\"elementor-widget-wrap elementor-element-populated\">\n\t\t\t\t\t\t<div class=\"elementor-element elementor-element-debcd18 elementor-widget elementor-widget-eldon_core_custom_font\" data-id=\"debcd18\" data-element_type=\"widget\" data-e-type=\"widget\" data-widget_type=\"eldon_core_custom_font.default\">\n\t\t\t\t<div class=\"elementor-widget-container\">\n\t\t\t\t\t<div class=\"qodef-shortcode qodef-m  qodef-custom-font qodef-custom-font-850 qodef-layout--simple qodef-alignment--left qodef--has-appear\" >\n\t\t<h2 class=\"qodef-custom-font-content\" style=\"font-size: 80px;line-height: 85px\"><span class=\"qodef-animated-text-holder\"><span class=\"qodef-animated-text-original\">\u00danete a<\/span><span class=\"qodef-animated-text-duplicate\">\u00danete a<\/span><\/span> <span class=\"qodef-m-emphasized-holder\"><span class=\"qodef-m-title--emphasized\">us<\/span><\/span> <span class=\"qodef-animated-text-holder\"><span class=\"qodef-animated-text-original\">ahora<\/span><span class=\"qodef-animated-text-duplicate\">ahora<\/span><\/span><\/h2>\n<\/div>\t\t\t\t<\/div>\n\t\t\t\t<\/div>\n\t\t\t\t<div class=\"elementor-element elementor-element-518f359d elementor-widget__width-initial elementor-widget elementor-widget-eldon_core_section_title\" data-id=\"518f359d\" data-element_type=\"widget\" data-e-type=\"widget\" data-widget_type=\"eldon_core_section_title.default\">\n\t\t\t\t<div class=\"elementor-widget-container\">\n\t\t\t\t\t<div class=\"qodef-shortcode qodef-m  qodef-section-title qodef-alignment--left\">\n\t\t<div class=\"qodef-m-tagline\">\n\t\tContrataci\u00f3n \t<\/div>\n\t\t<h3 class=\"qodef-m-title\" >\n\t\t\t\t\tContacto Out Miami\t\t\t<\/h3>\n\t<\/div>\n\t\t\t\t<\/div>\n\t\t\t\t<\/div>\n\t\t\t\t<div class=\"elementor-element elementor-element-9059741 elementor-widget elementor-widget-text-editor\" data-id=\"9059741\" data-element_type=\"widget\" data-e-type=\"widget\" data-widget_type=\"text-editor.default\">\n\t\t\t\t<div class=\"elementor-widget-container\">\n\t\t\t\t\t\t\t\t\t<h4><span style=\"color: #000000;\"><strong>\u00a0S\u00edguenos<\/strong><\/span><\/h4><p><a href=\"https:\/\/www.facebook.com\/outdotmiami\" target=\"_blank\" rel=\"noopener\">Fb.<\/a>\u00a0 \u00a0<a href=\"https:\/\/www.instagram.com\/out.mia\" target=\"_blank\" rel=\"noopener\">Ig.<\/a>\u00a0 \u00a0<a href=\"https:\/\/twitter.com\/outdotmiami\" target=\"_blank\" rel=\"noopener\">Tw.\u00a0 \u00a0<\/a><a href=\"https:\/\/www.tiktok.com\/@outdotmiami\" target=\"_blank\" rel=\"noopener\">Tik.<\/a><\/p><p><span style=\"color: #000000;\">\u00a0<\/span><\/p>\t\t\t\t\t\t\t\t<\/div>\n\t\t\t\t<\/div>\n\t\t\t\t\t<\/div>\n\t\t<\/div>\n\t\t\t\t<div class=\"elementor-column elementor-col-50 elementor-top-column elementor-element elementor-element-44596e4b\" data-id=\"44596e4b\" data-element_type=\"column\" data-e-type=\"column\">\n\t\t\t<div class=\"elementor-widget-wrap elementor-element-populated\">\n\t\t\t\t\t\t<div class=\"elementor-element elementor-element-e211a14 elementor-widget elementor-widget-eldon_core_custom_font\" data-id=\"e211a14\" data-element_type=\"widget\" data-e-type=\"widget\" data-widget_type=\"eldon_core_custom_font.default\">\n\t\t\t\t<div class=\"elementor-widget-container\">\n\t\t\t\t\t<div class=\"qodef-shortcode qodef-m  qodef-custom-font qodef-custom-font-994 qodef-layout--simple qodef-alignment--left qodef--has-appear\" >\n\t\t<h2 class=\"qodef-custom-font-content\" style=\"font-size: 80px;line-height: 89px\"><span class=\"qodef-animated-text-holder\"><span class=\"qodef-animated-text-original\">Nosotros<\/span><span class=\"qodef-animated-text-duplicate\">Nosotros<\/span><\/span> <span class=\"qodef-animated-text-holder\"><span class=\"qodef-animated-text-original\">son<\/span><span class=\"qodef-animated-text-duplicate\">son<\/span><\/span> <span class=\"qodef-m-emphasized-holder\"><span class=\"qodef-m-title--emphasized\">aqu\u00ed<\/span><\/span> <span class=\"qodef-animated-text-holder\"><span class=\"qodef-animated-text-original\">para<\/span><span class=\"qodef-animated-text-duplicate\">para<\/span><\/span> <span class=\"qodef-animated-text-holder\"><span class=\"qodef-animated-text-original\">\u00a1T\u00fa!<\/span><span class=\"qodef-animated-text-duplicate\">\u00a1T\u00fa!<\/span><\/span><\/h2>\n<\/div>\t\t\t\t<\/div>\n\t\t\t\t<\/div>\n\t\t\t\t<div class=\"elementor-element elementor-element-56424c5 elementor-widget elementor-widget-spacer\" data-id=\"56424c5\" data-element_type=\"widget\" data-e-type=\"widget\" data-widget_type=\"spacer.default\">\n\t\t\t\t<div class=\"elementor-widget-container\">\n\t\t\t\t\t\t\t<div class=\"elementor-spacer\">\n\t\t\t<div class=\"elementor-spacer-inner\"><\/div>\n\t\t<\/div>\n\t\t\t\t\t\t<\/div>\n\t\t\t\t<\/div>\n\t\t\t\t<div class=\"elementor-element elementor-element-39480d99 elementor-widget elementor-widget-wp-widget-eldon_core_contact_form_7\" data-id=\"39480d99\" data-element_type=\"widget\" data-e-type=\"widget\" data-widget_type=\"wp-widget-eldon_core_contact_form_7.default\">\n\t\t\t\t<div class=\"elementor-widget-container\">\n\t\t\t\t\t\t\t\t<div class=\"qodef-contact-form-7\">\n\t\t\t\t\n<div class=\"wpcf7 no-js\" id=\"wpcf7-f5-o1\" lang=\"en-US\" dir=\"ltr\" data-wpcf7-id=\"5\">\n<div class=\"screen-reader-response\"><p role=\"status\" aria-live=\"polite\" aria-atomic=\"true\"><\/p> <ul><\/ul><\/div>\n<form action=\"\/es\/wp-json\/wp\/v2\/pages\/38356#wpcf7-f5-o1\" method=\"post\" class=\"wpcf7-form init\" aria-label=\"Formulario de contacto\" novalidate=\"novalidate\" data-status=\"init\" data-trp-original-action=\"\/es\/wp-json\/wp\/v2\/pages\/38356#wpcf7-f5-o1\">\n<fieldset class=\"hidden-fields-container\"><input type=\"hidden\" name=\"_wpcf7\" value=\"5\" \/><input type=\"hidden\" name=\"_wpcf7_version\" value=\"6.1.5\" \/><input type=\"hidden\" name=\"_wpcf7_locale\" value=\"en_US\" \/><input type=\"hidden\" name=\"_wpcf7_unit_tag\" value=\"wpcf7-f5-o1\" \/><input type=\"hidden\" name=\"_wpcf7_container_post\" value=\"0\" \/><input type=\"hidden\" name=\"_wpcf7_posted_data_hash\" value=\"\" \/>\n<\/fieldset>\n<div class=\"qodef-standard-form\"><span class=\"wpcf7-form-control-wrap\" data-name=\"your-name\"><input size=\"40\" maxlength=\"400\" class=\"wpcf7-form-control wpcf7-text wpcf7-validates-as-required\" aria-required=\"true\" aria-invalid=\"false\" placeholder=\"Nombre y apellidos\" value=\"\" type=\"text\" name=\"your-name\" \/><\/span>\n<span class=\"wpcf7-form-control-wrap\" data-name=\"your-email\"><input size=\"40\" maxlength=\"400\" class=\"wpcf7-form-control wpcf7-email wpcf7-validates-as-required wpcf7-text wpcf7-validates-as-email\" aria-required=\"true\" aria-invalid=\"false\" placeholder=\"Correo electr\u00f3nico\" value=\"\" type=\"email\" name=\"your-email\" \/><\/span>\n<label><span class=\"qodef-offset-label\">Mensaje<\/span>\n    <span class=\"wpcf7-form-control-wrap\" data-name=\"your-message\"><textarea cols=\"40\" rows=\"10\" maxlength=\"2000\" class=\"wpcf7-form-control wpcf7-textarea\" aria-invalid=\"false\" name=\"your-message\"><\/textarea><\/span> <\/label>\n<button class=\"wpcf7-form-control wpcf7-submit qodef-button qodef-size--normal qodef-layout--filled qodef-m\" type=\"submit\"><span class=\"qodef-m-text\">Enviar<\/span><\/button><\/div><div class=\"wpcf7-response-output\" aria-hidden=\"true\"><\/div>\n<input type=\"hidden\" name=\"trp-form-language\" value=\"es\"\/><\/form>\n<\/div>\n\t\t\t<\/div>\n\t\t\t\t\t\t\t<\/div>\n\t\t\t\t<\/div>\n\t\t\t\t\t<\/div>\n\t\t<\/div>\n\t\t\t\t\t<\/div>\n\t\t<\/section>\n\t\t\t\t<section class=\"elementor-section elementor-top-section elementor-element elementor-element-ec13abe elementor-section-full_width elementor-section-height-default elementor-section-height-default qodef-elementor-content-no\" data-id=\"ec13abe\" data-element_type=\"section\" data-e-type=\"section\">\n\t\t\t\t\t\t<div class=\"elementor-container elementor-column-gap-default\">\n\t\t\t\t\t<div class=\"elementor-column elementor-col-100 elementor-top-column elementor-element elementor-element-d575b8f\" data-id=\"d575b8f\" data-element_type=\"column\" data-e-type=\"column\">\n\t\t\t<div class=\"elementor-widget-wrap\">\n\t\t\t\t\t\t\t<\/div>\n\t\t<\/div>\n\t\t\t\t\t<\/div>\n\t\t<\/section>\n\t\t\t\t<\/div>","protected":false},"excerpt":{"rendered":"<p>???? BUSINESSESBUSINESSES WANTED: ShowcaseShowcase YourYour Products and ServicesServices with Us!Us! ???? Nuestras sabrosas opiniones y fascinantes rese\u00f1as en v\u00eddeo merecen ser el centro de atenci\u00f3n. Comparta sus experiencias gastron\u00f3micas con nuestro vasto p\u00fablico mientras mostramos con orgullo su contenido en nuestro sitio web. Sum\u00e9rjase y deje que sus relatos impulsados por el sabor resuenen con otros amantes de la comida. \u00danase a nuestro escenario culinario [...]<\/p>","protected":false},"author":2,"featured_media":0,"parent":0,"menu_order":0,"comment_status":"closed","ping_status":"closed","template":"","meta":{"inline_featured_image":false,"cybocfi_hide_featured_image":"","footnotes":""},"class_list":["post-38356","page","type-page","status-publish","hentry"],"_links":{"self":[{"href":"https:\/\/www.out.miami\/es\/wp-json\/wp\/v2\/pages\/38356","targetHints":{"allow":["GET"]}}],"collection":[{"href":"https:\/\/www.out.miami\/es\/wp-json\/wp\/v2\/pages"}],"about":[{"href":"https:\/\/www.out.miami\/es\/wp-json\/wp\/v2\/types\/page"}],"author":[{"embeddable":true,"href":"https:\/\/www.out.miami\/es\/wp-json\/wp\/v2\/users\/2"}],"replies":[{"embeddable":true,"href":"https:\/\/www.out.miami\/es\/wp-json\/wp\/v2\/comments?post=38356"}],"version-history":[{"count":8,"href":"https:\/\/www.out.miami\/es\/wp-json\/wp\/v2\/pages\/38356\/revisions"}],"predecessor-version":[{"id":39444,"href":"https:\/\/www.out.miami\/es\/wp-json\/wp\/v2\/pages\/38356\/revisions\/39444"}],"wp:attachment":[{"href":"https:\/\/www.out.miami\/es\/wp-json\/wp\/v2\/media?parent=38356"}],"curies":[{"name":"wp","href":"https:\/\/api.w.org\/{rel}","templated":true}]}}