{"id":11806,"date":"2023-01-30T21:37:21","date_gmt":"2023-01-30T21:37:21","guid":{"rendered":"https:\/\/www.out.miami\/?page_id=11806"},"modified":"2025-09-17T22:21:36","modified_gmt":"2025-09-17T22:21:36","slug":"politica-de-cookies","status":"publish","type":"page","link":"https:\/\/www.out.miami\/es\/politica-de-cookies\/","title":{"rendered":"Pol\u00edtica de cookies de Out.Miami \ud83c\udf6a Preferencias y uso de datos"},"content":{"rendered":"<div data-elementor-type=\"wp-page\" data-elementor-id=\"11806\" class=\"elementor elementor-11806\" data-elementor-post-type=\"page\">\n\t\t\t\t\t\t<section class=\"elementor-section elementor-top-section elementor-element elementor-element-fc056b4 elementor-section-boxed elementor-section-height-default elementor-section-height-default qodef-elementor-content-no\" data-id=\"fc056b4\" data-element_type=\"section\" data-e-type=\"section\">\n\t\t\t\t\t\t<div class=\"elementor-container elementor-column-gap-default\">\n\t\t\t\t\t<div class=\"elementor-column elementor-col-100 elementor-top-column elementor-element elementor-element-87bc4ca\" data-id=\"87bc4ca\" data-element_type=\"column\" data-e-type=\"column\">\n\t\t\t<div class=\"elementor-widget-wrap elementor-element-populated\">\n\t\t\t\t\t\t<div class=\"elementor-element elementor-element-0447e14 elementor-widget elementor-widget-spacer\" data-id=\"0447e14\" data-element_type=\"widget\" data-e-type=\"widget\" data-widget_type=\"spacer.default\">\n\t\t\t\t<div class=\"elementor-widget-container\">\n\t\t\t\t\t\t\t<div class=\"elementor-spacer\">\n\t\t\t<div class=\"elementor-spacer-inner\"><\/div>\n\t\t<\/div>\n\t\t\t\t\t\t<\/div>\n\t\t\t\t<\/div>\n\t\t\t\t<div class=\"elementor-element elementor-element-d027da2 elementor-widget__width-initial elementor-widget elementor-widget-eldon_core_section_title\" data-id=\"d027da2\" data-element_type=\"widget\" data-e-type=\"widget\" data-widget_type=\"eldon_core_section_title.default\">\n\t\t\t\t<div class=\"elementor-widget-container\">\n\t\t\t\t\t<div class=\"qodef-shortcode qodef-m  qodef-section-title qodef-alignment--center\">\n\t\t<div class=\"qodef-m-tagline\">\n\t\tAviso legal - \u00daltima actualizaci\u00f3n: 30 de enero de 2023\t<\/div>\n\t\t<h2 class=\"qodef-m-title\" >\n\t\t\t\t\tPol\u00edtica de cookies Out Miami\t\t\t<\/h2>\n\t<\/div>\n\t\t\t\t<\/div>\n\t\t\t\t<\/div>\n\t\t\t\t<div class=\"elementor-element elementor-element-115205e elementor-widget elementor-widget-text-editor\" data-id=\"115205e\" data-element_type=\"widget\" data-e-type=\"widget\" data-widget_type=\"text-editor.default\">\n\t\t\t\t<div class=\"elementor-widget-container\">\n\t\t\t\t\t\t\t\t\t<p class=\"documentTitle\">Pol\u00edtica de cookies de Out Miami<\/p><div><p>Pol\u00edtica de cookies<br \/>Una cookie es un peque\u00f1o archivo que un sitio web almacena en el disco duro del usuario. Su finalidad es recoger datos relativos a los h\u00e1bitos de navegaci\u00f3n del usuario. Puede elegir que se le notifique cada vez que se transmita una cookie. Tambi\u00e9n puede optar por desactivar por completo las cookies en su navegador de Internet, pero esto puede disminuir la calidad de su experiencia de usuario.<\/p><p>En nuestro Sitio utilizamos los siguientes tipos de cookies:<\/p><ol start=\"1\"><li value=\"1\">Cookies funcionales<br \/>Las cookies funcionales se utilizan para recordar las selecciones que realiza en nuestro Sitio, de modo que sus selecciones se guarden para sus pr\u00f3ximas visitas;<\/li><li value=\"2\">Cookies anal\u00edticas<br \/>Las cookies anal\u00edticas nos permiten mejorar el dise\u00f1o y la funcionalidad de nuestro Sitio mediante la recopilaci\u00f3n de datos sobre c\u00f3mo accede a nuestro Sitio, por ejemplo, datos sobre el contenido al que accede, cu\u00e1nto tiempo permanece en nuestro Sitio, etc;<\/li><li value=\"3\">Cookies de segmentaci\u00f3n<br \/>Las cookies de segmentaci\u00f3n recopilan datos sobre c\u00f3mo utiliza el Sitio y sus preferencias. Esto nos permite personalizar para usted la informaci\u00f3n que ve en nuestro Sitio; y<\/li><li value=\"4\">Cookies de terceros<br \/>Las cookies de terceros son creadas por un sitio web distinto del nuestro. Podemos utilizar cookies de terceros para lograr los siguientes fines:<br \/><ol start=\"1\"><li value=\"1\">Para proteger su seguridad, utilizamos la encriptaci\u00f3n de navegador m\u00e1s potente disponible y almacenamos todos nuestros datos en servidores situados en instalaciones seguras. S\u00f3lo nuestros empleados pueden acceder a todos los datos. Nuestros empleados.<\/li><\/ol><\/li><\/ol><\/div><p>Modificaciones<br \/>Esta Pol\u00edtica de Privacidad puede ser modificada de vez en cuando para mantener el cumplimiento de la ley y para reflejar cualquier cambio en nuestro proceso de recogida de datos. Cuando modifiquemos esta Pol\u00edtica de Privacidad, actualizaremos la \"Fecha de entrada en vigor\" en la parte superior de esta Pol\u00edtica de Privacidad. Recomendamos a nuestros usuarios que revisen peri\u00f3dicamente nuestra Pol\u00edtica de Privacidad para asegurarse de que se les notifica cualquier actualizaci\u00f3n. Si es necesario, podemos notificar a los usuarios por correo electr\u00f3nico los cambios en esta Pol\u00edtica de Privacidad.<\/p><p>Informaci\u00f3n de contacto<br \/>Si tiene alguna pregunta, duda o queja, puede ponerse en contacto con nuestro responsable de privacidad, Fernando Yemail, en la direcci\u00f3n<\/p><p>legal@outmktg.com<br \/>________________________________________<br \/>Edificio JW Marriot Suite 3905 Panam\u00e1, Panam\u00e1<\/p>\t\t\t\t\t\t\t\t<\/div>\n\t\t\t\t<\/div>\n\t\t\t\t\t<\/div>\n\t\t<\/div>\n\t\t\t\t\t<\/div>\n\t\t<\/section>\n\t\t\t\t<section class=\"elementor-section elementor-top-section elementor-element elementor-element-5a379ef elementor-section-full_width qodef-elementor-content-grid elementor-section-height-default elementor-section-height-default\" data-id=\"5a379ef\" data-element_type=\"section\" data-e-type=\"section\">\n\t\t\t\t\t\t<div class=\"elementor-container elementor-column-gap-default\">\n\t\t\t\t\t<div class=\"elementor-column elementor-col-50 elementor-top-column elementor-element elementor-element-f088a94\" data-id=\"f088a94\" data-element_type=\"column\" data-e-type=\"column\">\n\t\t\t<div class=\"elementor-widget-wrap elementor-element-populated\">\n\t\t\t\t\t\t<div class=\"elementor-element elementor-element-1147a14 elementor-widget__width-initial elementor-widget elementor-widget-eldon_core_section_title\" data-id=\"1147a14\" data-element_type=\"widget\" data-e-type=\"widget\" data-widget_type=\"eldon_core_section_title.default\">\n\t\t\t\t<div class=\"elementor-widget-container\">\n\t\t\t\t\t<div class=\"qodef-shortcode qodef-m  qodef-section-title qodef-alignment--left\">\n\t\t<div class=\"qodef-m-tagline\">\n\t\tP\u00f3ngase en contacto\t<\/div>\n\t\t<h2 class=\"qodef-m-title\" >\n\t\t\t\t\tcontacto Out.Miami\t\t\t<\/h2>\n\t<\/div>\n\t\t\t\t<\/div>\n\t\t\t\t<\/div>\n\t\t\t\t<div class=\"elementor-element elementor-element-81618f8 elementor-widget elementor-widget-text-editor\" data-id=\"81618f8\" data-element_type=\"widget\" data-e-type=\"widget\" data-widget_type=\"text-editor.default\">\n\t\t\t\t<div class=\"elementor-widget-container\">\n\t\t\t\t\t\t\t\t\t<h4><span style=\"color: #000000;\"><strong>\u00a0S\u00edguenos<\/strong><\/span><\/h4><p><a href=\"https:\/\/www.facebook.com\/outdotmiami\" target=\"_blank\" rel=\"noopener\">\u00a0 \u00a0 \u00a0 Fb.<\/a>\u00a0 \u00a0<a href=\"https:\/\/www.instagram.com\/out.mia\" target=\"_blank\" rel=\"noopener\">Ig.<\/a>\u00a0 \u00a0<a href=\"https:\/\/twitter.com\/outdotmiami\" target=\"_blank\" rel=\"noopener\">Tw.\u00a0 \u00a0<\/a><\/p><p><span style=\"color: #000000;\">Direcci\u00f3n: Edificio JW Marriot Panam\u00e1, Panam\u00e1 Suite, 3905 | 754-444-2247<\/span><\/p><p><span style=\"color: #000000;\">Marketing@Out.Miami<\/span><br \/><span style=\"color: #000000;\">Best@Out.Miami<\/span><\/p><p><span style=\"color: #000000;\">\u00a0<\/span><\/p>\t\t\t\t\t\t\t\t<\/div>\n\t\t\t\t<\/div>\n\t\t\t\t\t<\/div>\n\t\t<\/div>\n\t\t\t\t<div class=\"elementor-column elementor-col-50 elementor-top-column elementor-element elementor-element-164b237\" data-id=\"164b237\" data-element_type=\"column\" data-e-type=\"column\">\n\t\t\t<div class=\"elementor-widget-wrap elementor-element-populated\">\n\t\t\t\t\t\t<div class=\"elementor-element elementor-element-bb3c42b elementor-widget elementor-widget-wp-widget-eldon_core_contact_form_7\" data-id=\"bb3c42b\" data-element_type=\"widget\" data-e-type=\"widget\" data-widget_type=\"wp-widget-eldon_core_contact_form_7.default\">\n\t\t\t\t<div class=\"elementor-widget-container\">\n\t\t\t\t\t\t\t\t<div class=\"qodef-contact-form-7\">\n\t\t\t\t\n<div class=\"wpcf7 no-js\" id=\"wpcf7-f5-o1\" lang=\"en-US\" dir=\"ltr\" data-wpcf7-id=\"5\">\n<div class=\"screen-reader-response\"><p role=\"status\" aria-live=\"polite\" aria-atomic=\"true\"><\/p> <ul><\/ul><\/div>\n<form action=\"\/es\/wp-json\/wp\/v2\/pages\/11806#wpcf7-f5-o1\" method=\"post\" class=\"wpcf7-form init\" aria-label=\"Formulario de contacto\" novalidate=\"novalidate\" data-status=\"init\" data-trp-original-action=\"\/es\/wp-json\/wp\/v2\/pages\/11806#wpcf7-f5-o1\">\n<fieldset class=\"hidden-fields-container\"><input type=\"hidden\" name=\"_wpcf7\" value=\"5\" \/><input type=\"hidden\" name=\"_wpcf7_version\" value=\"6.1.5\" \/><input type=\"hidden\" name=\"_wpcf7_locale\" value=\"en_US\" \/><input type=\"hidden\" name=\"_wpcf7_unit_tag\" value=\"wpcf7-f5-o1\" \/><input type=\"hidden\" name=\"_wpcf7_container_post\" value=\"0\" \/><input type=\"hidden\" name=\"_wpcf7_posted_data_hash\" value=\"\" \/>\n<\/fieldset>\n<div class=\"qodef-standard-form\"><span class=\"wpcf7-form-control-wrap\" data-name=\"your-name\"><input size=\"40\" maxlength=\"400\" class=\"wpcf7-form-control wpcf7-text wpcf7-validates-as-required\" aria-required=\"true\" aria-invalid=\"false\" placeholder=\"Nombre y apellidos\" value=\"\" type=\"text\" name=\"your-name\" \/><\/span>\n<span class=\"wpcf7-form-control-wrap\" data-name=\"your-email\"><input size=\"40\" maxlength=\"400\" class=\"wpcf7-form-control wpcf7-email wpcf7-validates-as-required wpcf7-text wpcf7-validates-as-email\" aria-required=\"true\" aria-invalid=\"false\" placeholder=\"Correo electr\u00f3nico\" value=\"\" type=\"email\" name=\"your-email\" \/><\/span>\n<label><span class=\"qodef-offset-label\">Mensaje<\/span>\n    <span class=\"wpcf7-form-control-wrap\" data-name=\"your-message\"><textarea cols=\"40\" rows=\"10\" maxlength=\"2000\" class=\"wpcf7-form-control wpcf7-textarea\" aria-invalid=\"false\" name=\"your-message\"><\/textarea><\/span> <\/label>\n<button class=\"wpcf7-form-control wpcf7-submit qodef-button qodef-size--normal qodef-layout--filled qodef-m\" type=\"submit\"><span class=\"qodef-m-text\">Enviar<\/span><\/button><\/div><div class=\"wpcf7-response-output\" aria-hidden=\"true\"><\/div>\n<input type=\"hidden\" name=\"trp-form-language\" value=\"es\"\/><\/form>\n<\/div>\n\t\t\t<\/div>\n\t\t\t\t\t\t\t<\/div>\n\t\t\t\t<\/div>\n\t\t\t\t\t<\/div>\n\t\t<\/div>\n\t\t\t\t\t<\/div>\n\t\t<\/section>\n\t\t\t\t<\/div>","protected":false},"excerpt":{"rendered":"<p>Aviso legal - \u00daltima actualizaci\u00f3n 30 de enero de 2023 Pol\u00edtica de cookies Out Miami Out Miami Pol\u00edtica de cookies Pol\u00edtica de cookies Una cookie es un peque\u00f1o archivo que un sitio web almacena en el disco duro del usuario. Su finalidad es recopilar datos relativos a los h\u00e1bitos de navegaci\u00f3n del usuario. El usuario puede elegir ser notificado cada vez que una cookie [...]<\/p>","protected":false},"author":2,"featured_media":0,"parent":0,"menu_order":0,"comment_status":"closed","ping_status":"closed","template":"page-full-width.php","meta":{"inline_featured_image":false,"cybocfi_hide_featured_image":"","footnotes":""},"class_list":["post-11806","page","type-page","status-publish","hentry"],"_links":{"self":[{"href":"https:\/\/www.out.miami\/es\/wp-json\/wp\/v2\/pages\/11806","targetHints":{"allow":["GET"]}}],"collection":[{"href":"https:\/\/www.out.miami\/es\/wp-json\/wp\/v2\/pages"}],"about":[{"href":"https:\/\/www.out.miami\/es\/wp-json\/wp\/v2\/types\/page"}],"author":[{"embeddable":true,"href":"https:\/\/www.out.miami\/es\/wp-json\/wp\/v2\/users\/2"}],"replies":[{"embeddable":true,"href":"https:\/\/www.out.miami\/es\/wp-json\/wp\/v2\/comments?post=11806"}],"version-history":[{"count":3,"href":"https:\/\/www.out.miami\/es\/wp-json\/wp\/v2\/pages\/11806\/revisions"}],"predecessor-version":[{"id":40456,"href":"https:\/\/www.out.miami\/es\/wp-json\/wp\/v2\/pages\/11806\/revisions\/40456"}],"wp:attachment":[{"href":"https:\/\/www.out.miami\/es\/wp-json\/wp\/v2\/media?parent=11806"}],"curies":[{"name":"wp","href":"https:\/\/api.w.org\/{rel}","templated":true}]}}